{"id":184,"date":"2024-06-16T06:27:30","date_gmt":"2024-06-16T06:27:30","guid":{"rendered":"https:\/\/cu-id.com\/2046\/?page_id=184"},"modified":"2026-02-19T08:33:18","modified_gmt":"2026-02-19T08:33:18","slug":"inicio","status":"publish","type":"page","link":"https:\/\/cu-id.com\/2046\/","title":{"rendered":"Inicio"},"content":{"rendered":"\n<p>Esta dirigida a profesionales de las Ciencias de la Cultura F\u00edsica y el Deporte, y otras \u00e1reas a fines. Tiene como misi\u00f3n publicar trabajos originales e in\u00e9ditos en espa\u00f1ol, ingl\u00e9s y portugu\u00e9s que no se encuentren bajo procesos de evaluaci\u00f3n de ninguna otra revista, sobre temas relacionados con: educaci\u00f3n f\u00edsica, entrenamiento deportivo, deporte, recreaci\u00f3n y sociedad, formaci\u00f3n del profesional de la cultura f\u00edsica, y actividad f\u00edsica y promoci\u00f3n de salud. Las contribuciones pueden presentarse en forma de art\u00edculos originales y art\u00edculos de revisi\u00f3n, los cuales ser\u00e1n sometidos a un proceso de arbitraje por pares a ciegas.<\/p>\n\n\n\n<p id=\"cu-id\"><strong>URL persistente:<\/strong> <a href=\"https:\/\/cu-id.com\/2046\/1812-5808\" target=\"_blank\" rel=\"noreferrer noopener\">https:\/\/cu-id.com\/2046\/1812-5808<\/a><\/p>\n\n\n\n<p id=\"cu-id\"><strong>URL actual:<\/strong> <a href=\"https:\/\/accion.uccfd.cu\" target=\"_blank\" rel=\"noreferrer noopener\">https:\/\/accion.uccfd.cu<\/a><\/p>\n\n\n\n<p id=\"cu-id\"><strong>Sitio en Cu-ID:<\/strong> <a href=\"https:\/\/cu-id.com\/2046\" target=\"_blank\" rel=\"noreferrer noopener\">https:\/\/cu-id.com\/2046<\/a><\/p>\n\n\n\n<p id=\"cu-id\"><a href=\"https:\/\/accion.uccfd.cu\/index.php\/accion\/guideline\" target=\"_blank\" rel=\"noreferrer noopener\">Directrices<\/a> | <a href=\"https:\/\/accion.uccfd.cu\/index.php\/accion\/derechos\" target=\"_blank\" rel=\"noreferrer noopener\">Licencia<\/a> | <a href=\"https:\/\/accion.uccfd.cu\/index.php\/accion\/issue\/current\" target=\"_blank\" rel=\"noreferrer noopener\">N\u00famero actual<\/a> | <a href=\"mailto:revistaaccion.uccfd@gmail.com\" target=\"_blank\" rel=\"noreferrer noopener\">E-mail<\/a> | <a href=\"https:\/\/accion.uccfd.cu\/index.php\/accion\/oai?verb=ListRecords&amp;metadataPrefix=oai_dc\" target=\"_blank\" rel=\"noreferrer noopener\">OAI<\/a><\/p>\n","protected":false},"excerpt":{"rendered":"<p>Esta dirigida a profesionales de las Ciencias de la Cultura F\u00edsica y el Deporte, y otras \u00e1reas a fines. Tiene como misi\u00f3n publicar trabajos originales&hellip; <\/p>\n","protected":false},"author":1,"featured_media":0,"parent":0,"menu_order":0,"comment_status":"closed","ping_status":"closed","template":"inicio.php","meta":{"footnotes":""},"class_list":["post-184","page","type-page","status-publish","hentry"],"_links":{"self":[{"href":"https:\/\/cu-id.com\/2046\/wp-json\/wp\/v2\/pages\/184","targetHints":{"allow":["GET"]}}],"collection":[{"href":"https:\/\/cu-id.com\/2046\/wp-json\/wp\/v2\/pages"}],"about":[{"href":"https:\/\/cu-id.com\/2046\/wp-json\/wp\/v2\/types\/page"}],"author":[{"embeddable":true,"href":"https:\/\/cu-id.com\/2046\/wp-json\/wp\/v2\/users\/1"}],"replies":[{"embeddable":true,"href":"https:\/\/cu-id.com\/2046\/wp-json\/wp\/v2\/comments?post=184"}],"version-history":[{"count":8,"href":"https:\/\/cu-id.com\/2046\/wp-json\/wp\/v2\/pages\/184\/revisions"}],"predecessor-version":[{"id":229,"href":"https:\/\/cu-id.com\/2046\/wp-json\/wp\/v2\/pages\/184\/revisions\/229"}],"wp:attachment":[{"href":"https:\/\/cu-id.com\/2046\/wp-json\/wp\/v2\/media?parent=184"}],"curies":[{"name":"wp","href":"https:\/\/api.w.org\/{rel}","templated":true}]}}