{"id":125,"date":"2024-08-09T22:49:38","date_gmt":"2024-08-09T22:49:38","guid":{"rendered":"https:\/\/cu-id.com\/2144\/?page_id=125"},"modified":"2024-08-09T23:34:13","modified_gmt":"2024-08-09T23:34:13","slug":"inicio","status":"publish","type":"page","link":"https:\/\/cu-id.com\/2144\/","title":{"rendered":"Inicio"},"content":{"rendered":"\n<p id=\"cu-id\"><\/p>\n\n\n\n<p id=\"cu-id\" align=\"justify\">INFOMIN con ISSN: 1992-4194 y RNPS No. 2144, es editada por el Centro de Investigaciones para la Industria Minero Metal\u00fargica. Es una publicaci\u00f3n dise\u00f1ada fundamentalmente para todos los profesionales vinculados a la Industria Minero Metal\u00fargica y las Geociencias, que cubre todos los aspectos b\u00e1sicos de Ciencia y Tecnolog\u00eda de la miner\u00eda, la metalurgia y disciplinas a fines a las ciencias de la tierra. Tiene como misi\u00f3n publicar trabajos original e in\u00e9dito que no est\u00e9n postulados simult\u00e1neamente en otras revistas u \u00f3rganos editoriales. Las contribuciones se pueden presentar en forma de Art\u00edculos cient\u00edficos, Propiedad Industrial, Comunicaci\u00f3n Corta y Rese\u00f1as en espa\u00f1ol, ingl\u00e9s y portugu\u00e9s sobre las tem\u00e1ticas: desarrollo de Tecnolog\u00edas para la industria minero metal\u00fargica, Miner\u00eda, aprovechamiento de minerales recuperaci\u00f3n, beneficio y producci\u00f3n de oro, n\u00edquel y cobalto, plata, cobre, plomo y zinc, metales ferrosos, carb\u00f3n activado, minerales industriales, metalurgia, hidrometalurgia, pirometal\u00fargica, caracterizaci\u00f3n de materiales, estudios mineral\u00f3gicos, estudios petrogr\u00e1ficos, microscop\u00eda \u00f3ptica,difracci\u00f3n de rayos X, nuevos materiales y nanotecnolog\u00eda, medioambiente, an\u00e1lisis qu\u00edmico, gesti\u00f3n de la calidad, gesti\u00f3n del conocimiento y propiedad industrial. As\u00ed como tem\u00e1ticas asociadas a las geociencias en sentido general.<\/p>\n\t\t<p id=\"cu-id\"><strong>URL persistente:<\/strong> <a href=\"https:\/\/cu-id.com\/2144\/1992-4194\" target=\"_blank\" rel=\"bookmark noopener\">https:\/\/cu-id.com\/2144\/1992-4194<\/a><\/p>\n\t\t<p id=\"cu-id\"><strong>URL actual:<\/strong> <a href=\"https:\/\/infomin.edicionescervantes.com\/index.php\/i\" target=\"_blank\" rel=\"bookmark noopener\">https:\/\/infomin.edicionescervantes.com\/index.php\/i<\/a><\/p>\n\t\t<p id=\"cu-id\"><strong>Sitio en Cu-iD:<\/strong> <a href=\"https:\/\/cu-id.com\/2144\" target=\"_blank\" rel=\"bookmark noopener\">https:\/\/cu-id.com\/2144<\/a><\/p>\n\t\t<p id=\"cu-id\">\n\t\t\t<a href=\"https:\/\/infomin.edicionescervantes.com\/index.php\/i\/directrices\" target=\"_blank\" rel=\"bookmark noopener\">Directrices<\/a> | \n\t\t\t<a href=\"https:\/\/infomin.edicionescervantes.com\/index.php\/i\/copyright\" target=\"_blank\" rel=\"bookmark noopener\">Licencia<\/a> | \n\t\t\t<a href=\"https:\/\/infomin.edicionescervantes.com\/index.php\/i\/issue\/current\" target=\"_blank\" rel=\"bookmark noopener\">N\u00famero actual<\/a> | \n\t\t\t<a href=\"mailto:cervantes@edicionescervantes.com\" target=\"_blank\" rel=\"bookmark noopener\">E-mail<\/a> | \n\t\t\t<a href=\"https:\/\/wa.me\/5355652279\" target=\"_blank\" rel=\"bookmark noopener\">WhatsApp<\/a> | \n\t\t\t<a href=\"https:\/\/infomin.edicionescervantes.com\/index.php\/i\/oai\" target=\"_blank\" rel=\"bookmark noopener\">OAI<\/a>\n\t\t<\/p>\n","protected":false},"excerpt":{"rendered":"<p>INFOMIN con ISSN: 1992-4194 y RNPS No. 2144, es editada por el Centro de Investigaciones para la Industria Minero Metal\u00fargica. Es una publicaci\u00f3n dise\u00f1ada fundamentalmente&hellip; <\/p>\n","protected":false},"author":1,"featured_media":0,"parent":0,"menu_order":0,"comment_status":"closed","ping_status":"closed","template":"inicio.php","meta":{"footnotes":""},"class_list":["post-125","page","type-page","status-publish","hentry"],"_links":{"self":[{"href":"https:\/\/cu-id.com\/2144\/wp-json\/wp\/v2\/pages\/125","targetHints":{"allow":["GET"]}}],"collection":[{"href":"https:\/\/cu-id.com\/2144\/wp-json\/wp\/v2\/pages"}],"about":[{"href":"https:\/\/cu-id.com\/2144\/wp-json\/wp\/v2\/types\/page"}],"author":[{"embeddable":true,"href":"https:\/\/cu-id.com\/2144\/wp-json\/wp\/v2\/users\/1"}],"replies":[{"embeddable":true,"href":"https:\/\/cu-id.com\/2144\/wp-json\/wp\/v2\/comments?post=125"}],"version-history":[{"count":4,"href":"https:\/\/cu-id.com\/2144\/wp-json\/wp\/v2\/pages\/125\/revisions"}],"predecessor-version":[{"id":146,"href":"https:\/\/cu-id.com\/2144\/wp-json\/wp\/v2\/pages\/125\/revisions\/146"}],"wp:attachment":[{"href":"https:\/\/cu-id.com\/2144\/wp-json\/wp\/v2\/media?parent=125"}],"curies":[{"name":"wp","href":"https:\/\/api.w.org\/{rel}","templated":true}]}}